{"id":3,"date":"2022-07-29T00:49:28","date_gmt":"2022-07-29T00:49:28","guid":{"rendered":"http:\/\/muyferiado.com.ar\/?page_id=3"},"modified":"2022-08-12T03:01:11","modified_gmt":"2022-08-12T03:01:11","slug":"privacy-policy","status":"publish","type":"page","link":"https:\/\/muyferiado.com.ar\/?page_id=3","title":{"rendered":"Pol\u00edticas de privacidad"},"content":{"rendered":"\n<p>ESTE DOCUMENTO INDICA C\u00d3MO MUYFERIADO.COM.AR UTILIZAR\u00c1 Y PROTEGER\u00c1 SUS DATOS PERSONALES. MIENTRAS NAVEGA EN ESTE SITIO WEB, USTED AUTOM\u00c1TICAMENTE ACEPTA LAS NORMAS DE USO, PROTECCI\u00d3N Y SEGURIDAD AQU\u00cd ESTABLECIDAS.<\/p>\n\n\n\n<h3 class=\"wp-block-heading\">Seguridad y Protecci\u00f3n de sus Datos Personales<\/h3>\n\n\n\n<p>La seguridad de los datos personales es una prioridad. Adherimos a los requerimientos de la Ley Nacional de Protecci\u00f3n de Datos Personales, N\u00b0 25.326 y sus normas complementarias.<\/p>\n\n\n\n<h3 class=\"wp-block-heading\">Privacidad<\/h3>\n\n\n\n<p>Respetamos su privacidad. Toda la informaci\u00f3n que usted nos proporcione se tratar\u00e1 con sumo cuidado y con la mayor seguridad posible, y s\u00f3lo se utilizar\u00e1 de acuerdo con los l\u00edmites establecidos en este documento.<\/p>\n\n\n\n<h3 class=\"wp-block-heading\">C\u00f3mo se re\u00fane la informaci\u00f3n<\/h3>\n\n\n\n<p>Solamente reunimos sus datos personales cuando los proporciona en forma directa y con su consentimiento expreso e informado.<\/p>\n\n\n\n<h3 class=\"wp-block-heading\">C\u00f3mo utilizamos su informaci\u00f3n<\/h3>\n\n\n\n<p>Utilizamos la informaci\u00f3n que usted proporciona para: expandir ofertas de comercializaci\u00f3n y para publicar productos y servicios que podr\u00edan ser de su inter\u00e9s, para personalizar y mejorar nuestros servicios y para fines estad\u00edsticos.<\/p>\n\n\n\n<h3 class=\"wp-block-heading\">\u00bfQui\u00e9n tiene acceso a la informaci\u00f3n?<\/h3>\n\n\n\n<p> Adherimos a los requerimientos de la Ley Nacional de Protecci\u00f3n de Datos Personales, N\u00b0 25.326 y sus normas complementarias.<\/p>\n","protected":false},"excerpt":{"rendered":"<p>ESTE DOCUMENTO INDICA C\u00d3MO MUYFERIADO.COM.AR UTILIZAR\u00c1 Y PROTEGER\u00c1 SUS DATOS PERSONALES. MIENTRAS NAVEGA EN ESTE<\/p>\n","protected":false},"author":1,"featured_media":0,"parent":0,"menu_order":0,"comment_status":"closed","ping_status":"open","template":"","meta":{"footnotes":""},"class_list":["post-3","page","type-page","status-publish","hentry"],"aioseo_notices":[],"_links":{"self":[{"href":"https:\/\/muyferiado.com.ar\/index.php?rest_route=\/wp\/v2\/pages\/3","targetHints":{"allow":["GET"]}}],"collection":[{"href":"https:\/\/muyferiado.com.ar\/index.php?rest_route=\/wp\/v2\/pages"}],"about":[{"href":"https:\/\/muyferiado.com.ar\/index.php?rest_route=\/wp\/v2\/types\/page"}],"author":[{"embeddable":true,"href":"https:\/\/muyferiado.com.ar\/index.php?rest_route=\/wp\/v2\/users\/1"}],"replies":[{"embeddable":true,"href":"https:\/\/muyferiado.com.ar\/index.php?rest_route=%2Fwp%2Fv2%2Fcomments&post=3"}],"version-history":[{"count":3,"href":"https:\/\/muyferiado.com.ar\/index.php?rest_route=\/wp\/v2\/pages\/3\/revisions"}],"predecessor-version":[{"id":390,"href":"https:\/\/muyferiado.com.ar\/index.php?rest_route=\/wp\/v2\/pages\/3\/revisions\/390"}],"wp:attachment":[{"href":"https:\/\/muyferiado.com.ar\/index.php?rest_route=%2Fwp%2Fv2%2Fmedia&parent=3"}],"curies":[{"name":"wp","href":"https:\/\/api.w.org\/{rel}","templated":true}]}}